{"id":70,"date":"2019-01-29T12:46:12","date_gmt":"2019-01-29T11:46:12","guid":{"rendered":"http:\/\/s542565765.onlinehome.fr\/0_CLMWP\/one-page-express\/"},"modified":"2024-10-16T00:31:28","modified_gmt":"2024-10-15T22:31:28","slug":"one-page-express","status":"publish","type":"page","link":"http:\/\/s542565765.onlinehome.fr\/0_CLMWP\/","title":{"rendered":"CLM"},"content":{"rendered":"<div  data-label=\"Overlapable\" data-id=\"stripped-coloured-icon-boxes\" data-category=\"overlapable\" class=\"features-coloured-icon-boxes-section stripped-coloured-icon-boxes\" data-overlap=\"true\" id=\"overlapable-2\" style=\"background-color: rgb(255, 255, 255);\">\n<div  class=\"gridContainer\">\n<div  class=\"features-coloured-icon-boxes-innerrow flexbox-list dark-text\" data-type=\"row\">\n<div  class=\"features-coloured-icon-boxes-featurecol cp3cols\">\n<div  class=\"features-coloured-icon-boxes-iconcontainer\" data-content-item-container=\"true\"> <i  data-cp-fa=\"true\" class=\"features-coloured-icon fa fa-graduation-cap\"><\/i> <\/div>\n<h4  class=\"\"> PASS \u2013 L.AS : pr\u00e9parer l\u2019ACCES SANTE<\/h4>\n<p  class=\"\">Pour entrer en deuxi\u00e8me ann\u00e9e de m\u00e9decine, ma\u00efeutique, odontologie, pharmacie ou masso-kin\u00e9sith\u00e9rapie<\/p>\n<p> <a class=\"features-coloured-button\" href=\"#\" target=\"_self\" rel=\"noopener\">En savoir plus<\/a> <\/div>\n<div  class=\"features-coloured-icon-boxes-featurecol cp3cols\">\n<div  class=\"features-coloured-icon-boxes-iconcontainer\" data-content-item-container=\"true\"> <i  data-cp-fa=\"true\" class=\"features-coloured-icon fa fa-calendar\"><\/i> <\/div>\n<h4  class=\"\">Journ\u00e9es portes ouvertes<\/h4>\n<p  class=\"\">Dates des r\u00e9unions d\u2019information avec les futurs PASS et L.AS 1<\/p>\n<p> <a class=\"features-coloured-button\" href=\"#\" target=\"_self\" rel=\"noopener\">En savoir plus<\/a> <\/div>\n<div  class=\"features-coloured-icon-boxes-featurecol cp3cols\">\n<div  class=\"features-coloured-icon-boxes-iconcontainer\" data-content-item-container=\"true\"> <i  data-cp-fa=\"true\" class=\"features-coloured-icon fa fa-stethoscope\"><\/i> <\/div>\n<h4  class=\"\">Pr\u00e9parer le concours de l\u2019internat de m\u00e9decine<\/h4>\n<p  class=\"\">A partir de la 3\u00e8me ann\u00e9e de m\u00e9decine : pr\u00e9paration des E.D.N. et des E.C.O.S.<\/p>\n<p> <a class=\"features-coloured-button\" href=\"#\" target=\"_self\" rel=\"noopener\">En savoir plus<\/a> <\/div>\n<div  class=\"features-coloured-icon-boxes-featurecol cp3cols\">\n<div  class=\"features-coloured-icon-boxes-iconcontainer\" data-content-item-container=\"true\"> <i  data-cp-fa=\"true\" class=\"features-coloured-icon fa fa-user-circle\"><\/i> <\/div>\n<h4  class=\"\">Espace \u00e9tudiant<\/h4>\n<p  class=\"\">Acc\u00e8s r\u00e9serv\u00e9 aux \u00e9tudiants du CLM. Connectez-vous pour acc\u00e9der aux informations de votre promo<\/p>\n<p> <a class=\"features-coloured-button\" href=\"http:\/\/s542565765.onlinehome.fr\/0_CLMWP\/espace_etudiant\" target=\"_self\" rel=\"noopener\">se connecter<\/a> <\/div>\n<\/p><\/div>\n<\/p><\/div>\n<\/div>\n<div  id=\"content-3\" class=\"content-left-image-section\" style=\"background-color: #ffffff;\" data-label=\"Content\" data-id=\"content-image-left\" data-category=\"content\">\n<div  class=\"gridContainer\">\n<div  class=\"row\">\n<div  class=\"content-left-image-imgcol\" data-type=\"column\"><img  decoding=\"async\" class=\"\" src=\"http:\/\/s542565765.onlinehome.fr\/0_CLMWP\/wp-content\/uploads\/2024\/10\/laennec_file_66fa792febf34-1.jpg\" alt=\"Booste ta m\u00e9thode\"><\/div>\n<div  class=\"content-left-image-textcol dynamic-color\" data-type=\"column\">\n<h2  class=\"\">Booste ta m\u00e9thode <\/h2>\n<p  class=\"large_text\">Le PASS et la LAS, passeports pour les \u00e9tudes de sant\u00e9 sont tr\u00e8s s\u00e9lectives. Fort d\u2019une exp\u00e9rience de plus d\u2019un si\u00e8cle, les Centres Laennec (Paris, Lyon, Marseille, saint Etienne) en collaboration avec S\u00e9bastien Martinez, formateur en strat\u00e9gie de m\u00e9morisation et champion de France de m\u00e9moire, ont con\u00e7u un cycle de 4 visioconf\u00e9rences gratuites d\u20191h30 pour les lyc\u00e9ens. Elles auront lieu chaque samedi du mois de novembre<\/p>\n<p><a class=\"button blue\" href=\"#\" target=\"_self\" rel=\"noopener\"> En savoir plus <\/a><\/p>\n<\/div>\n<\/div>\n<\/div>\n<\/div>\n<div  data-label=\"Overlapable\" data-id=\"stripped-about-four-boxes-section\" data-category=\"overlapable\" class=\"stripped-about-four-boxes-section\" data-overlap=\"true\" id=\"overlapable-1\" style=\"background-color: rgb(255, 255, 255);\">\n<div  class=\"gridContainer\">\n<div  class=\"about-four-boxes-innerrow flexbox-list\">\n<div  class=\"about-four-boxes-imgcol\" data-bg=\"image\" style=\"background-image: url(&quot;http:\/\/s542565765.onlinehome.fr\/0_CLMWP\/wp-content\/uploads\/2024\/06\/laennec_file_5de7d268232a5.jpg&quot;);\"><\/div>\n<div  class=\"about-four-boxes-textcol\" data-type=\"column\">\n<h2  class=\"\">CENTRE LAENNEC MARSEILLE<\/h2>\n<p  class=\"\">Fond\u00e9 en 1919 par des \u00e9tudiants en m\u00e9decine et des pr\u00eatres du dioc\u00e8se de Marseille, le Centre Laennec Marseille propose une aide aux \u00e9tudes des professions de sant\u00e9.Fond\u00e9 en 1919 par des \u00e9tudiants en m\u00e9decine et des pr\u00eatres du dioc\u00e8se de Marseille, le Centre Laennec Marseille propose une aide aux \u00e9tudes des professions de sant\u00e9.<\/p>\n<\/p><\/div>\n<div  class=\"about-four-boxes-textcol\" data-type=\"column\">\n<h6  class=\"\">LOREM IPSUM DOLOR<\/h6>\n<h2  class=\"\">Concours blancs<\/h2>\n<p  class=\"\">Dates des prochains concours blancs<\/p>\n<\/p><\/div>\n<div  class=\"about-four-boxes-imgcol2\" data-bg=\"image\" style=\"background-image: url(&quot;http:\/\/s542565765.onlinehome.fr\/0_CLMWP\/wp-content\/uploads\/2024\/10\/236563_Apple_iPad_9th_gen_DSeifert_0002.jpg&quot;);\"><\/div>\n<\/p><\/div>\n<\/p><\/div>\n<\/div>\n","protected":false},"excerpt":{"rendered":"<p>PASS \u2013 L.AS : pr\u00e9parer l\u2019ACCES SANTE Pour entrer en deuxi\u00e8me ann\u00e9e de m\u00e9decine, ma\u00efeutique, odontologie, pharmacie ou masso-kin\u00e9sith\u00e9rapie En savoir plus Journ\u00e9es portes ouvertes Dates des r\u00e9unions d\u2019information avec les futurs PASS et L.AS 1 En savoir plus Pr\u00e9parer le concours de l\u2019internat de m\u00e9decine A partir de la 3\u00e8me ann\u00e9e de m\u00e9decine : [&hellip;]<\/p>\n","protected":false},"author":1,"featured_media":0,"parent":0,"menu_order":0,"comment_status":"closed","ping_status":"closed","template":"","meta":{"_acf_changed":false,"footnotes":""},"acf":[],"_links":{"self":[{"href":"http:\/\/s542565765.onlinehome.fr\/0_CLMWP\/wp-json\/wp\/v2\/pages\/70"}],"collection":[{"href":"http:\/\/s542565765.onlinehome.fr\/0_CLMWP\/wp-json\/wp\/v2\/pages"}],"about":[{"href":"http:\/\/s542565765.onlinehome.fr\/0_CLMWP\/wp-json\/wp\/v2\/types\/page"}],"author":[{"embeddable":true,"href":"http:\/\/s542565765.onlinehome.fr\/0_CLMWP\/wp-json\/wp\/v2\/users\/1"}],"replies":[{"embeddable":true,"href":"http:\/\/s542565765.onlinehome.fr\/0_CLMWP\/wp-json\/wp\/v2\/comments?post=70"}],"version-history":[{"count":23,"href":"http:\/\/s542565765.onlinehome.fr\/0_CLMWP\/wp-json\/wp\/v2\/pages\/70\/revisions"}],"predecessor-version":[{"id":223,"href":"http:\/\/s542565765.onlinehome.fr\/0_CLMWP\/wp-json\/wp\/v2\/pages\/70\/revisions\/223"}],"wp:attachment":[{"href":"http:\/\/s542565765.onlinehome.fr\/0_CLMWP\/wp-json\/wp\/v2\/media?parent=70"}],"curies":[{"name":"wp","href":"https:\/\/api.w.org\/{rel}","templated":true}]}}